{"id":4994,"date":"2025-06-27T16:28:50","date_gmt":"2025-06-27T19:28:50","guid":{"rendered":"https:\/\/www.saludjujuy.com.ar\/saludjujuy\/?page_id=4994"},"modified":"2025-07-16T11:36:19","modified_gmt":"2025-07-16T14:36:19","slug":"odontologia-sin-plus","status":"publish","type":"page","link":"https:\/\/www.saludjujuy.com.ar\/saludjujuy\/odontologia-sin-plus\/","title":{"rendered":"odontologia-sin-plus"},"content":{"rendered":"\t\t<div data-elementor-type=\"wp-page\" data-elementor-id=\"4994\" class=\"elementor elementor-4994\">\n\t\t\t\t\t\t<section class=\"elementor-section elementor-top-section elementor-element elementor-element-6a142b2 elementor-section-full_width elementor-section-height-min-height elementor-section-height-default elementor-section-items-middle\" data-id=\"6a142b2\" data-element_type=\"section\" data-settings=\"{&quot;background_background&quot;:&quot;classic&quot;}\">\n\t\t\t\t\t\t<div class=\"elementor-container elementor-column-gap-no\">\n\t\t\t\t\t<div class=\"elementor-column elementor-col-100 elementor-top-column elementor-element elementor-element-0e26107\" data-id=\"0e26107\" data-element_type=\"column\">\n\t\t\t<div class=\"elementor-widget-wrap elementor-element-populated\">\n\t\t\t\t\t\t<div class=\"elementor-element elementor-element-828cbbc elementor-widget elementor-widget-heading\" data-id=\"828cbbc\" data-element_type=\"widget\" data-widget_type=\"heading.default\">\n\t\t\t\t<div class=\"elementor-widget-container\">\n\t\t\t<h1 class=\"elementor-heading-title elementor-size-default\">Odontologia sin plus<\/h1>\t\t<\/div>\n\t\t\t\t<\/div>\n\t\t\t\t\t<\/div>\n\t\t<\/div>\n\t\t\t\t\t<\/div>\n\t\t<\/section>\n\t\t\t\t<section class=\"elementor-section elementor-top-section elementor-element elementor-element-dbc840b elementor-section-boxed elementor-section-height-default elementor-section-height-default\" data-id=\"dbc840b\" data-element_type=\"section\">\n\t\t\t\t\t\t<div class=\"elementor-container elementor-column-gap-default\">\n\t\t\t\t\t<div class=\"elementor-column elementor-col-100 elementor-top-column elementor-element elementor-element-166a572\" data-id=\"166a572\" data-element_type=\"column\">\n\t\t\t<div class=\"elementor-widget-wrap elementor-element-populated\">\n\t\t\t\t\t\t<div class=\"elementor-element elementor-element-85a6963 elementor-widget elementor-widget-html\" data-id=\"85a6963\" data-element_type=\"widget\" data-widget_type=\"html.default\">\n\t\t\t\t<div class=\"elementor-widget-container\">\n\t\t\t  <h2>\ud83e\uddb7 Odontologos Directos por Localidad<\/h2>\r\n\r\n<!-- San Salvador -->\r\n  <table>\r\n    <caption>\ud83d\udccd San Salvador de Jujuy<\/caption>\r\n    <tr>\r\n      <th>Prestador<\/th>\r\n      <th>Direcci\u00f3n<\/th>\r\n      <th>Tel\u00e9fono<\/th>\r\n    <\/tr>\r\n    <tr>\r\n      <td>Cl\u00ednica Dental - Dra. Caba\u00f1a<\/td>\r\n      <td>Necochea 58<\/td>\r\n      <td>3884232096<\/td>\r\n    <\/tr>\r\n    <tr>\r\n      <td>Jujuy Dental Group<\/td>\r\n      <td>G\u00fcemes 628<\/td>\r\n      <td>3884478526<\/td>\r\n    <\/tr>\r\n    <tr>\r\n      <td>Barni Silvia<\/td>\r\n      <td>Sanatorio del Rosario<\/td>\r\n      <td>3885139878<\/td>\r\n    <\/tr>\r\n    <tr>\r\n      <td>Moreno Fernanda<\/td>\r\n      <td>Alvear 678<\/td>\r\n      <td>3884376150<\/td>\r\n    <\/tr>\r\n    <tr>\r\n      <td>Calizaya Irma<\/td>\r\n      <td>Vespucio 2490<\/td>\r\n      <td>3885810369<\/td>\r\n    <\/tr>\r\n    <tr>\r\n      <td>Vaca Mar\u00eda Daniela<\/td>\r\n      <td>General Paz 335<\/td>\r\n      <td>388-5791141 \/ 3884103055<\/td>\r\n    <\/tr>\r\n    <tr>\r\n      <td>Consultorio Dental Erazo - Dra. Erazo Romina<\/td>\r\n      <td>S\u00e1nchez de Bustamante 243 (entre Belgrano y San Mart\u00edn)<\/td>\r\n      <td>3885059380<\/td>\r\n    <\/tr>\r\n    <tr>\r\n      <td>Aguilar Javier Abraham<\/td>\r\n      <td>Lamadrid 479 - Consultorio 8<\/td>\r\n      <td>3884755870<\/td>\r\n    <\/tr>\r\n    <tr>\r\n      <td>Consultorio Dental del Plata - Anabela Navarro<\/td>\r\n      <td>Coronel Puch esquina G\u00fcemes 497<\/td>\r\n      <td>3885745937<\/td>\r\n    <\/tr>\r\n    <tr>\r\n      <td>Consultorio Dental Xibi Xibi - Zurueta Juan<\/td>\r\n      <td>Uriondo 173<\/td>\r\n      <td>3513395010<\/td>\r\n    <\/tr>\r\n  <\/table>\r\n\r\n  <!-- San Pedro -->\r\n  <table>\r\n    <caption>\ud83d\udccd San Pedro<\/caption>\r\n    <tr>\r\n      <th>Prestador<\/th>\r\n      <th>Direcci\u00f3n<\/th>\r\n      <th>Tel\u00e9fono<\/th>\r\n    <\/tr>\r\n    <tr>\r\n      <td>Sald\u00edas Diego<\/td>\r\n      <td>Alberdi 338<\/td>\r\n      <td>388-420385<\/td>\r\n    <\/tr>\r\n    <tr>\r\n      <td>Toledo Natalia<\/td>\r\n      <td>Arist\u00f3bulo del Valle 387<\/td>\r\n      <td>3888445611<\/td>\r\n    <\/tr>\r\n  <\/table>\r\n\r\n  <!-- Palpal\u00e1 -->\r\n  <table>\r\n    <caption>\ud83d\udccd Palpal\u00e1<\/caption>\r\n    <tr>\r\n      <th>Prestador<\/th>\r\n      <th>Direcci\u00f3n<\/th>\r\n      <th>Tel\u00e9fono<\/th>\r\n    <\/tr>\r\n    <tr>\r\n      <td>Flores Cecilia<\/td>\r\n      <td>Saavedra 236 - B\u00ba 9 de Julio<\/td>\r\n      <td>3885171837<\/td>\r\n    <\/tr>\r\n    <tr>\r\n      <td>Aguilar Javier Abraham<\/td>\r\n      <td>Felipe Varela 4 - B\u00ba Canal de Beagle<\/td>\r\n      <td>3884755870<\/td>\r\n    <\/tr>\r\n  <\/table>\r\n\r\n  <!-- Perico -->\r\n  <table>\r\n    <caption>\ud83d\udccd Perico<\/caption>\r\n    <tr>\r\n      <th>Prestador<\/th>\r\n      <th>Direcci\u00f3n<\/th>\r\n      <th>Tel\u00e9fono<\/th>\r\n    <\/tr>\r\n    <tr>\r\n      <td>Odonest - Dr. Anachuri<\/td>\r\n      <td>Paraguay 941<\/td>\r\n      <td>3885710428<\/td>\r\n    <\/tr>\r\n    <tr>\r\n      <td>Paredes Emilce<\/td>\r\n      <td>25 de Mayo 429<\/td>\r\n      <td>3885836821<\/td>\r\n    <\/tr>\r\n  <\/table>\r\n\r\n  \t\t<\/div>\n\t\t\t\t<\/div>\n\t\t\t\t\t<\/div>\n\t\t<\/div>\n\t\t\t\t\t<\/div>\n\t\t<\/section>\n\t\t\t\t<\/div>\n\t\t","protected":false},"excerpt":{"rendered":"<p>Odontologia sin plus \ud83e\uddb7 Odontologos Directos por Localidad \ud83d\udccd San Salvador de Jujuy Prestador Direcci\u00f3n Tel\u00e9fono Cl\u00ednica Dental &#8211; Dra. Caba\u00f1a Necochea 58 3884232096 Jujuy Dental Group G\u00fcemes 628 3884478526 Barni Silvia Sanatorio del Rosario 3885139878 Moreno Fernanda Alvear 678 3884376150 Calizaya Irma Vespucio 2490 3885810369 Vaca Mar\u00eda Daniela General Paz 335 388-5791141 \/ 3884103055 [&hellip;]<\/p>\n","protected":false},"author":2,"featured_media":0,"parent":0,"menu_order":0,"comment_status":"closed","ping_status":"closed","template":"","meta":{"site-sidebar-layout":"no-sidebar","site-content-layout":"page-builder","ast-site-content-layout":"full-width-container","site-content-style":"default","site-sidebar-style":"default","ast-global-header-display":"","ast-banner-title-visibility":"","ast-main-header-display":"","ast-hfb-above-header-display":"","ast-hfb-below-header-display":"","ast-hfb-mobile-header-display":"","site-post-title":"disabled","ast-breadcrumbs-content":"","ast-featured-img":"disabled","footer-sml-layout":"","theme-transparent-header-meta":"","adv-header-id-meta":"","stick-header-meta":"","header-above-stick-meta":"","header-main-stick-meta":"","header-below-stick-meta":"","astra-migrate-meta-layouts":"set","ast-page-background-enabled":"default","ast-page-background-meta":{"desktop":{"background-color":"var(--ast-global-color-4)","background-image":"","background-repeat":"repeat","background-position":"center center","background-size":"auto","background-attachment":"scroll","background-type":"","background-media":"","overlay-type":"","overlay-color":"","overlay-opacity":"","overlay-gradient":""},"tablet":{"background-color":"","background-image":"","background-repeat":"repeat","background-position":"center center","background-size":"auto","background-attachment":"scroll","background-type":"","background-media":"","overlay-type":"","overlay-color":"","overlay-opacity":"","overlay-gradient":""},"mobile":{"background-color":"","background-image":"","background-repeat":"repeat","background-position":"center center","background-size":"auto","background-attachment":"scroll","background-type":"","background-media":"","overlay-type":"","overlay-color":"","overlay-opacity":"","overlay-gradient":""}},"ast-content-background-meta":{"desktop":{"background-color":"var(--ast-global-color-5)","background-image":"","background-repeat":"repeat","background-position":"center center","background-size":"auto","background-attachment":"scroll","background-type":"","background-media":"","overlay-type":"","overlay-color":"","overlay-opacity":"","overlay-gradient":""},"tablet":{"background-color":"var(--ast-global-color-5)","background-image":"","background-repeat":"repeat","background-position":"center center","background-size":"auto","background-attachment":"scroll","background-type":"","background-media":"","overlay-type":"","overlay-color":"","overlay-opacity":"","overlay-gradient":""},"mobile":{"background-color":"var(--ast-global-color-5)","background-image":"","background-repeat":"repeat","background-position":"center center","background-size":"auto","background-attachment":"scroll","background-type":"","background-media":"","overlay-type":"","overlay-color":"","overlay-opacity":"","overlay-gradient":""}},"footnotes":""},"class_list":["post-4994","page","type-page","status-publish","hentry"],"_links":{"self":[{"href":"https:\/\/www.saludjujuy.com.ar\/saludjujuy\/wp-json\/wp\/v2\/pages\/4994","targetHints":{"allow":["GET"]}}],"collection":[{"href":"https:\/\/www.saludjujuy.com.ar\/saludjujuy\/wp-json\/wp\/v2\/pages"}],"about":[{"href":"https:\/\/www.saludjujuy.com.ar\/saludjujuy\/wp-json\/wp\/v2\/types\/page"}],"author":[{"embeddable":true,"href":"https:\/\/www.saludjujuy.com.ar\/saludjujuy\/wp-json\/wp\/v2\/users\/2"}],"replies":[{"embeddable":true,"href":"https:\/\/www.saludjujuy.com.ar\/saludjujuy\/wp-json\/wp\/v2\/comments?post=4994"}],"version-history":[{"count":20,"href":"https:\/\/www.saludjujuy.com.ar\/saludjujuy\/wp-json\/wp\/v2\/pages\/4994\/revisions"}],"predecessor-version":[{"id":5097,"href":"https:\/\/www.saludjujuy.com.ar\/saludjujuy\/wp-json\/wp\/v2\/pages\/4994\/revisions\/5097"}],"wp:attachment":[{"href":"https:\/\/www.saludjujuy.com.ar\/saludjujuy\/wp-json\/wp\/v2\/media?parent=4994"}],"curies":[{"name":"wp","href":"https:\/\/api.w.org\/{rel}","templated":true}]}}