{"id":681,"date":"2020-05-28T12:50:06","date_gmt":"2020-05-28T15:50:06","guid":{"rendered":"http:\/\/www.saludjujuy.com.ar\/saludjujuy\/?page_id=681"},"modified":"2026-04-22T12:00:37","modified_gmt":"2026-04-22T15:00:37","slug":"clinicas-sanatorios-centros","status":"publish","type":"page","link":"https:\/\/www.saludjujuy.com.ar\/saludjujuy\/clinicas-sanatorios-centros\/","title":{"rendered":"Cl\u00ednicas, sanatorios y centros"},"content":{"rendered":"\t\t<div data-elementor-type=\"wp-post\" data-elementor-id=\"681\" class=\"elementor elementor-681\">\n\t\t\t\t\t\t<section class=\"elementor-section elementor-top-section elementor-element elementor-element-f4239fe elementor-section-stretched elementor-section-full_width elementor-section-height-min-height elementor-section-height-default elementor-section-items-middle\" data-id=\"f4239fe\" data-element_type=\"section\" data-settings=\"{&quot;stretch_section&quot;:&quot;section-stretched&quot;,&quot;background_background&quot;:&quot;classic&quot;}\">\n\t\t\t\t\t\t\t<div class=\"elementor-background-overlay\"><\/div>\n\t\t\t\t\t\t\t<div class=\"elementor-container elementor-column-gap-no\">\n\t\t\t\t\t<div class=\"elementor-column elementor-col-100 elementor-top-column elementor-element elementor-element-f1859bd\" data-id=\"f1859bd\" data-element_type=\"column\">\n\t\t\t<div class=\"elementor-widget-wrap elementor-element-populated\">\n\t\t\t\t\t\t<div class=\"elementor-element elementor-element-cb92949 elementor-widget elementor-widget-heading\" data-id=\"cb92949\" data-element_type=\"widget\" data-widget_type=\"heading.default\">\n\t\t\t\t<div class=\"elementor-widget-container\">\n\t\t\t<h1 class=\"elementor-heading-title elementor-size-default\">Cl\u00ednicas, sanatorios y centros<\/h1>\t\t<\/div>\n\t\t\t\t<\/div>\n\t\t\t\t\t<\/div>\n\t\t<\/div>\n\t\t\t\t\t<\/div>\n\t\t<\/section>\n\t\t\t\t<section class=\"elementor-section elementor-top-section elementor-element elementor-element-2678596 elementor-section-boxed elementor-section-height-default elementor-section-height-default\" data-id=\"2678596\" data-element_type=\"section\">\n\t\t\t\t\t\t<div class=\"elementor-container elementor-column-gap-default\">\n\t\t\t\t\t<div class=\"elementor-column elementor-col-100 elementor-top-column elementor-element elementor-element-087b484\" data-id=\"087b484\" data-element_type=\"column\">\n\t\t\t<div class=\"elementor-widget-wrap elementor-element-populated\">\n\t\t\t\t\t\t<section class=\"elementor-section elementor-inner-section elementor-element elementor-element-076e646 elementor-section-boxed elementor-section-height-default elementor-section-height-default\" data-id=\"076e646\" data-element_type=\"section\">\n\t\t\t\t\t\t<div class=\"elementor-container elementor-column-gap-default\">\n\t\t\t\t\t<div class=\"elementor-column elementor-col-50 elementor-inner-column elementor-element elementor-element-3d224c6\" data-id=\"3d224c6\" data-element_type=\"column\">\n\t\t\t<div class=\"elementor-widget-wrap elementor-element-populated\">\n\t\t\t\t\t\t<div class=\"elementor-element elementor-element-f2d0579 elementor-widget elementor-widget-heading\" data-id=\"f2d0579\" data-element_type=\"widget\" data-widget_type=\"heading.default\">\n\t\t\t\t<div class=\"elementor-widget-container\">\n\t\t\t<h2 class=\"elementor-heading-title elementor-size-default\">Capital<\/h2>\t\t<\/div>\n\t\t\t\t<\/div>\n\t\t\t\t<div class=\"elementor-element elementor-element-77aa574 elementor-position-left elementor-vertical-align-top elementor-widget elementor-widget-image-box\" data-id=\"77aa574\" data-element_type=\"widget\" data-widget_type=\"image-box.default\">\n\t\t\t\t<div class=\"elementor-widget-container\">\n\t\t\t<div class=\"elementor-image-box-wrapper\"><figure class=\"elementor-image-box-img\"><img decoding=\"async\" width=\"120\" height=\"80\" src=\"https:\/\/www.saludjujuy.com.ar\/saludjujuy\/wp-content\/uploads\/2020\/06\/del-rosario.jpg\" class=\"attachment-full size-full wp-image-983\" alt=\"\" \/><\/figure><div class=\"elementor-image-box-content\"><p class=\"elementor-image-box-description\"><b>Sanatorio Nuestra Sra. del Rosario<\/b><br\/>\nBelgrano 340<br\/>\nTel: 4224848 <\/p><\/div><\/div>\t\t<\/div>\n\t\t\t\t<\/div>\n\t\t\t\t<div class=\"elementor-element elementor-element-54a7082 elementor-position-left elementor-vertical-align-top elementor-widget elementor-widget-image-box\" data-id=\"54a7082\" data-element_type=\"widget\" data-widget_type=\"image-box.default\">\n\t\t\t\t<div class=\"elementor-widget-container\">\n\t\t\t<div class=\"elementor-image-box-wrapper\"><figure class=\"elementor-image-box-img\"><img decoding=\"async\" width=\"120\" height=\"80\" src=\"https:\/\/www.saludjujuy.com.ar\/saludjujuy\/wp-content\/uploads\/2020\/06\/sanatorio-lavalle.jpg\" class=\"attachment-full size-full wp-image-989\" alt=\"\" \/><\/figure><div class=\"elementor-image-box-content\"><p class=\"elementor-image-box-description\"><b>Sanatorio y Cl\u00ednica Lavalle SRL<\/b><br\/>\nCalle Otero 337<br\/>\nTel: 4231999 <\/p><\/div><\/div>\t\t<\/div>\n\t\t\t\t<\/div>\n\t\t\t\t<div class=\"elementor-element elementor-element-4fc90d4 elementor-position-left elementor-vertical-align-top elementor-widget elementor-widget-image-box\" data-id=\"4fc90d4\" data-element_type=\"widget\" data-widget_type=\"image-box.default\">\n\t\t\t\t<div class=\"elementor-widget-container\">\n\t\t\t<div class=\"elementor-image-box-wrapper\"><figure class=\"elementor-image-box-img\"><a href=\"http:\/\/sanatorioloslapachos.com.ar\/\" target=\"_blank\" tabindex=\"-1\"><img decoding=\"async\" width=\"120\" height=\"90\" src=\"https:\/\/www.saludjujuy.com.ar\/saludjujuy\/wp-content\/uploads\/2022\/05\/los_lapachos_icon-e1653398823688.png\" class=\"attachment-full size-full wp-image-2019\" alt=\"\" \/><\/a><\/figure><div class=\"elementor-image-box-content\"><p class=\"elementor-image-box-description\"><b>Sanatorio Los Lapachos<\/b><br>\nAv. Hip\u00f3lito Irigoyen 596<br>\nTel: 4245222<\/p><\/div><\/div>\t\t<\/div>\n\t\t\t\t<\/div>\n\t\t\t\t<div class=\"elementor-element elementor-element-74a6a3a elementor-position-left elementor-vertical-align-top elementor-widget elementor-widget-image-box\" data-id=\"74a6a3a\" data-element_type=\"widget\" data-widget_type=\"image-box.default\">\n\t\t\t\t<div class=\"elementor-widget-container\">\n\t\t\t<div class=\"elementor-image-box-wrapper\"><figure class=\"elementor-image-box-img\"><img loading=\"lazy\" decoding=\"async\" width=\"120\" height=\"80\" src=\"https:\/\/www.saludjujuy.com.ar\/saludjujuy\/wp-content\/uploads\/2020\/06\/logo-generico.jpg\" class=\"attachment-full size-full wp-image-1007\" alt=\"\" \/><\/figure><div class=\"elementor-image-box-content\"><p class=\"elementor-image-box-description\"><b>Cl\u00ednica del Ni\u00f1o y del Reci\u00e9n Nacido<\/b><br\/>\nBelgrano 1220<br\/>\nTel: 4228854 <\/p><\/div><\/div>\t\t<\/div>\n\t\t\t\t<\/div>\n\t\t\t\t<div class=\"elementor-element elementor-element-de9015e elementor-position-left elementor-vertical-align-top elementor-widget elementor-widget-image-box\" data-id=\"de9015e\" data-element_type=\"widget\" data-widget_type=\"image-box.default\">\n\t\t\t\t<div class=\"elementor-widget-container\">\n\t\t\t<div class=\"elementor-image-box-wrapper\"><figure class=\"elementor-image-box-img\"><img loading=\"lazy\" decoding=\"async\" width=\"120\" height=\"80\" src=\"https:\/\/www.saludjujuy.com.ar\/saludjujuy\/wp-content\/uploads\/2020\/06\/imiss.jpg\" class=\"attachment-full size-full wp-image-985\" alt=\"\" \/><\/figure><div class=\"elementor-image-box-content\"><p class=\"elementor-image-box-description\"><b>Instituto M\u00e9dico <\/b><b>Integral San Salvador<\/b><br>Salta 740 <\/p><\/div><\/div>\t\t<\/div>\n\t\t\t\t<\/div>\n\t\t\t\t<div class=\"elementor-element elementor-element-bae5df8 elementor-position-left elementor-vertical-align-top elementor-widget elementor-widget-image-box\" data-id=\"bae5df8\" data-element_type=\"widget\" data-widget_type=\"image-box.default\">\n\t\t\t\t<div class=\"elementor-widget-container\">\n\t\t\t<div class=\"elementor-image-box-wrapper\"><figure class=\"elementor-image-box-img\"><img loading=\"lazy\" decoding=\"async\" width=\"120\" height=\"80\" src=\"https:\/\/www.saludjujuy.com.ar\/saludjujuy\/wp-content\/uploads\/2020\/06\/corj.jpg\" class=\"attachment-full size-full wp-image-982\" alt=\"\" \/><\/figure><div class=\"elementor-image-box-content\"><p class=\"elementor-image-box-description\"><b>C.O.R.J. SRL<\/b><br\/>\nRamirez de Velazco 449 <\/p><\/div><\/div>\t\t<\/div>\n\t\t\t\t<\/div>\n\t\t\t\t<div class=\"elementor-element elementor-element-eee4844 elementor-position-left elementor-vertical-align-top elementor-widget elementor-widget-image-box\" data-id=\"eee4844\" data-element_type=\"widget\" data-widget_type=\"image-box.default\">\n\t\t\t\t<div class=\"elementor-widget-container\">\n\t\t\t<div class=\"elementor-image-box-wrapper\"><figure class=\"elementor-image-box-img\"><img loading=\"lazy\" decoding=\"async\" width=\"120\" height=\"80\" src=\"https:\/\/www.saludjujuy.com.ar\/saludjujuy\/wp-content\/uploads\/2020\/06\/dra-susana-pita.jpg\" class=\"attachment-full size-full wp-image-984\" alt=\"\" \/><\/figure><div class=\"elementor-image-box-content\"><p class=\"elementor-image-box-description\"><b>Diagn\u00f3stico por Im\u00e1genes Dra. Susana Pita<\/b><br\/>\nPasaje Charcas 843<br\/>\nCiudad de Nieva<\/p><\/div><\/div>\t\t<\/div>\n\t\t\t\t<\/div>\n\t\t\t\t<div class=\"elementor-element elementor-element-97a5350 elementor-position-left elementor-vertical-align-top elementor-widget elementor-widget-image-box\" data-id=\"97a5350\" data-element_type=\"widget\" data-widget_type=\"image-box.default\">\n\t\t\t\t<div class=\"elementor-widget-container\">\n\t\t\t<div class=\"elementor-image-box-wrapper\"><figure class=\"elementor-image-box-img\"><img loading=\"lazy\" decoding=\"async\" width=\"120\" height=\"80\" src=\"https:\/\/www.saludjujuy.com.ar\/saludjujuy\/wp-content\/uploads\/2020\/06\/sadir.jpg\" class=\"attachment-full size-full wp-image-988\" alt=\"\" \/><\/figure><div class=\"elementor-image-box-content\"><p class=\"elementor-image-box-description\"><b>SADIR Diagn\u00f3stico por Imagen<\/b><br\/>\nGral. Alvear 1250<\/p><\/div><\/div>\t\t<\/div>\n\t\t\t\t<\/div>\n\t\t\t\t<div class=\"elementor-element elementor-element-9adf8ed elementor-position-left elementor-vertical-align-top elementor-widget elementor-widget-image-box\" data-id=\"9adf8ed\" data-element_type=\"widget\" data-widget_type=\"image-box.default\">\n\t\t\t\t<div class=\"elementor-widget-container\">\n\t\t\t<div class=\"elementor-image-box-wrapper\"><figure class=\"elementor-image-box-img\"><img loading=\"lazy\" decoding=\"async\" width=\"120\" height=\"80\" src=\"https:\/\/www.saludjujuy.com.ar\/saludjujuy\/wp-content\/uploads\/2020\/06\/instituto-cardiologia.jpg\" class=\"attachment-full size-full wp-image-986\" alt=\"\" \/><\/figure><div class=\"elementor-image-box-content\"><p class=\"elementor-image-box-description\"><b>Instituto de Radiolog\u00eda<\/b><br\/>\nRam\u00edrez de Velazco 439<br\/>\nTel: 4222599 <\/p><\/div><\/div>\t\t<\/div>\n\t\t\t\t<\/div>\n\t\t\t\t<div class=\"elementor-element elementor-element-a514d7d elementor-position-left elementor-vertical-align-top elementor-widget elementor-widget-image-box\" data-id=\"a514d7d\" data-element_type=\"widget\" data-widget_type=\"image-box.default\">\n\t\t\t\t<div class=\"elementor-widget-container\">\n\t\t\t<div class=\"elementor-image-box-wrapper\"><figure class=\"elementor-image-box-img\"><img loading=\"lazy\" decoding=\"async\" width=\"120\" height=\"80\" src=\"https:\/\/www.saludjujuy.com.ar\/saludjujuy\/wp-content\/uploads\/2020\/06\/santa-lucia.jpg\" class=\"attachment-full size-full wp-image-991\" alt=\"\" \/><\/figure><div class=\"elementor-image-box-content\"><p class=\"elementor-image-box-description\"><b>Cl\u00ednica Santa Luc\u00eda<\/b><br\/>\nCnel. Puch 473<\/p><\/div><\/div>\t\t<\/div>\n\t\t\t\t<\/div>\n\t\t\t\t<div class=\"elementor-element elementor-element-a497d87 elementor-position-left elementor-vertical-align-top elementor-widget elementor-widget-image-box\" data-id=\"a497d87\" data-element_type=\"widget\" data-widget_type=\"image-box.default\">\n\t\t\t\t<div class=\"elementor-widget-container\">\n\t\t\t<div class=\"elementor-image-box-wrapper\"><figure class=\"elementor-image-box-img\"><img loading=\"lazy\" decoding=\"async\" width=\"120\" height=\"80\" src=\"https:\/\/www.saludjujuy.com.ar\/saludjujuy\/wp-content\/uploads\/2020\/06\/visus.jpg\" class=\"attachment-full size-full wp-image-995\" alt=\"\" \/><\/figure><div class=\"elementor-image-box-content\"><p class=\"elementor-image-box-description\"><b>Visus Centro Oftalmol\u00f3gico<\/b><br\/>\nPatricias Argentinas 353 <\/p><\/div><\/div>\t\t<\/div>\n\t\t\t\t<\/div>\n\t\t\t\t<div class=\"elementor-element elementor-element-d4b386e elementor-position-left elementor-vertical-align-top elementor-widget elementor-widget-image-box\" data-id=\"d4b386e\" data-element_type=\"widget\" data-widget_type=\"image-box.default\">\n\t\t\t\t<div class=\"elementor-widget-container\">\n\t\t\t<div class=\"elementor-image-box-wrapper\"><figure class=\"elementor-image-box-img\"><img loading=\"lazy\" decoding=\"async\" width=\"120\" height=\"80\" src=\"https:\/\/www.saludjujuy.com.ar\/saludjujuy\/wp-content\/uploads\/2020\/06\/clinica-de-ojos.jpg\" class=\"attachment-full size-full wp-image-981\" alt=\"\" \/><\/figure><div class=\"elementor-image-box-content\"><p class=\"elementor-image-box-description\"><b>Cl\u00ednica de Ojos<\/b><br\/>\nSarmiento 450<\/p><\/div><\/div>\t\t<\/div>\n\t\t\t\t<\/div>\n\t\t\t\t<div class=\"elementor-element elementor-element-c882ef4 elementor-position-left elementor-vertical-align-top elementor-widget elementor-widget-image-box\" data-id=\"c882ef4\" data-element_type=\"widget\" data-widget_type=\"image-box.default\">\n\t\t\t\t<div class=\"elementor-widget-container\">\n\t\t\t<div class=\"elementor-image-box-wrapper\"><figure class=\"elementor-image-box-img\"><img loading=\"lazy\" decoding=\"async\" width=\"120\" height=\"80\" src=\"https:\/\/www.saludjujuy.com.ar\/saludjujuy\/wp-content\/uploads\/2020\/06\/logo-generico.jpg\" class=\"attachment-full size-full wp-image-1007\" alt=\"\" \/><\/figure><div class=\"elementor-image-box-content\"><p class=\"elementor-image-box-description\"><b>Centro Modelo de Urolog\u00eda y Nefrolog\u00eda Hemodi\u00e1lisis SRL<\/b><br\/>Balcarce 562<\/p><\/div><\/div>\t\t<\/div>\n\t\t\t\t<\/div>\n\t\t\t\t<div class=\"elementor-element elementor-element-70b5c9d elementor-position-left elementor-vertical-align-top elementor-widget elementor-widget-image-box\" data-id=\"70b5c9d\" data-element_type=\"widget\" data-widget_type=\"image-box.default\">\n\t\t\t\t<div class=\"elementor-widget-container\">\n\t\t\t<div class=\"elementor-image-box-wrapper\"><figure class=\"elementor-image-box-img\"><img loading=\"lazy\" decoding=\"async\" width=\"120\" height=\"80\" src=\"https:\/\/www.saludjujuy.com.ar\/saludjujuy\/wp-content\/uploads\/2020\/06\/logo-generico.jpg\" class=\"attachment-full size-full wp-image-1007\" alt=\"\" \/><\/figure><div class=\"elementor-image-box-content\"><p class=\"elementor-image-box-description\"><b>Instituto de <\/b><b>Psicopatolog\u00eda SRL<\/b><br>San Mart\u00edn 141\/142<br>Tel: 4231397 \/ 4223948<\/p><\/div><\/div>\t\t<\/div>\n\t\t\t\t<\/div>\n\t\t\t\t\t<\/div>\n\t\t<\/div>\n\t\t\t\t<div class=\"elementor-column elementor-col-50 elementor-inner-column elementor-element elementor-element-cf40d2a\" data-id=\"cf40d2a\" data-element_type=\"column\">\n\t\t\t<div class=\"elementor-widget-wrap elementor-element-populated\">\n\t\t\t\t\t\t<div class=\"elementor-element elementor-element-89a2967 elementor-widget elementor-widget-heading\" data-id=\"89a2967\" data-element_type=\"widget\" data-widget_type=\"heading.default\">\n\t\t\t\t<div class=\"elementor-widget-container\">\n\t\t\t<h2 class=\"elementor-heading-title elementor-size-default\">Palpala<\/h2>\t\t<\/div>\n\t\t\t\t<\/div>\n\t\t\t\t<div class=\"elementor-element elementor-element-83f903e elementor-position-left elementor-hidden-desktop elementor-hidden-tablet elementor-hidden-mobile elementor-vertical-align-top elementor-widget elementor-widget-image-box\" data-id=\"83f903e\" data-element_type=\"widget\" data-widget_type=\"image-box.default\">\n\t\t\t\t<div class=\"elementor-widget-container\">\n\t\t\t<div class=\"elementor-image-box-wrapper\"><figure class=\"elementor-image-box-img\"><img loading=\"lazy\" decoding=\"async\" width=\"120\" height=\"80\" src=\"https:\/\/www.saludjujuy.com.ar\/saludjujuy\/wp-content\/uploads\/2020\/06\/senora-de-fatima.jpg\" class=\"attachment-full size-full wp-image-993\" alt=\"\" \/><\/figure><div class=\"elementor-image-box-content\"><p class=\"elementor-image-box-description\"><b>Cl\u00ednica Ntra. Sra. de F\u00e1tima<\/b><br\/>\nAvda Italia 116<br\/>\nB\u00b0 San Mart\u00edn <\/p><\/div><\/div>\t\t<\/div>\n\t\t\t\t<\/div>\n\t\t\t\t<div class=\"elementor-element elementor-element-d226481 elementor-position-left elementor-vertical-align-top elementor-widget elementor-widget-image-box\" data-id=\"d226481\" data-element_type=\"widget\" data-widget_type=\"image-box.default\">\n\t\t\t\t<div class=\"elementor-widget-container\">\n\t\t\t<div class=\"elementor-image-box-wrapper\"><figure class=\"elementor-image-box-img\"><img loading=\"lazy\" decoding=\"async\" width=\"120\" height=\"80\" src=\"https:\/\/www.saludjujuy.com.ar\/saludjujuy\/wp-content\/uploads\/2020\/06\/policonsultorios-palpala.jpg\" class=\"attachment-full size-full wp-image-987\" alt=\"\" \/><\/figure><div class=\"elementor-image-box-content\"><p class=\"elementor-image-box-description\"><b>Policonsultorios Palpala<\/b><br\/>\nFelipe Varela 4<br\/>\nB\u00b0 Canal de Beagle<\/p><\/div><\/div>\t\t<\/div>\n\t\t\t\t<\/div>\n\t\t\t\t<div class=\"elementor-element elementor-element-2ee0921 elementor-widget elementor-widget-heading\" data-id=\"2ee0921\" data-element_type=\"widget\" data-widget_type=\"heading.default\">\n\t\t\t\t<div class=\"elementor-widget-container\">\n\t\t\t<h2 class=\"elementor-heading-title elementor-size-default\">Perico<\/h2>\t\t<\/div>\n\t\t\t\t<\/div>\n\t\t\t\t<div class=\"elementor-element elementor-element-8d92f9b elementor-position-left elementor-vertical-align-top elementor-widget elementor-widget-image-box\" data-id=\"8d92f9b\" data-element_type=\"widget\" data-widget_type=\"image-box.default\">\n\t\t\t\t<div class=\"elementor-widget-container\">\n\t\t\t<div class=\"elementor-image-box-wrapper\"><figure class=\"elementor-image-box-img\"><img loading=\"lazy\" decoding=\"async\" width=\"120\" height=\"80\" src=\"https:\/\/www.saludjujuy.com.ar\/saludjujuy\/wp-content\/uploads\/2020\/06\/logo-generico.jpg\" class=\"attachment-full size-full wp-image-1007\" alt=\"\" \/><\/figure><div class=\"elementor-image-box-content\"><p class=\"elementor-image-box-description\"><b>Policonsultorios San Jos\u00e9<\/b><br\/>\nBelgrano 234<\/p><\/div><\/div>\t\t<\/div>\n\t\t\t\t<\/div>\n\t\t\t\t<div class=\"elementor-element elementor-element-c61df07 elementor-widget elementor-widget-heading\" data-id=\"c61df07\" data-element_type=\"widget\" data-widget_type=\"heading.default\">\n\t\t\t\t<div class=\"elementor-widget-container\">\n\t\t\t<h2 class=\"elementor-heading-title elementor-size-default\">Ramal<\/h2>\t\t<\/div>\n\t\t\t\t<\/div>\n\t\t\t\t<div class=\"elementor-element elementor-element-55cf9f2 elementor-position-left elementor-vertical-align-top elementor-widget elementor-widget-image-box\" data-id=\"55cf9f2\" data-element_type=\"widget\" data-widget_type=\"image-box.default\">\n\t\t\t\t<div class=\"elementor-widget-container\">\n\t\t\t<div class=\"elementor-image-box-wrapper\"><figure class=\"elementor-image-box-img\"><img loading=\"lazy\" decoding=\"async\" width=\"120\" height=\"80\" src=\"https:\/\/www.saludjujuy.com.ar\/saludjujuy\/wp-content\/uploads\/2020\/06\/santa-maria.jpg\" class=\"attachment-full size-full wp-image-992\" alt=\"\" \/><\/figure><div class=\"elementor-image-box-content\"><p class=\"elementor-image-box-description\"><b>Sanatorio Santa Mar\u00eda SA<\/b><br><span style=\"color: rgb(34, 34, 34); font-family: arial, sans-serif; font-size: 14px; font-style: normal; font-weight: normal; white-space: normal;\">Arist\u00f3bulo del Valle 347 - San Pedro<\/span><\/p><\/div><\/div>\t\t<\/div>\n\t\t\t\t<\/div>\n\t\t\t\t<div class=\"elementor-element elementor-element-2172c71 elementor-position-left elementor-vertical-align-top elementor-widget elementor-widget-image-box\" data-id=\"2172c71\" data-element_type=\"widget\" data-widget_type=\"image-box.default\">\n\t\t\t\t<div class=\"elementor-widget-container\">\n\t\t\t<div class=\"elementor-image-box-wrapper\"><figure class=\"elementor-image-box-img\"><img loading=\"lazy\" decoding=\"async\" width=\"120\" height=\"80\" src=\"https:\/\/www.saludjujuy.com.ar\/saludjujuy\/wp-content\/uploads\/2020\/06\/logo-generico.jpg\" class=\"attachment-full size-full wp-image-1007\" alt=\"\" \/><\/figure><div class=\"elementor-image-box-content\"><p class=\"elementor-image-box-description\"><b>Cl\u00ednica Ledesma SRL<\/b><br>Libertad 1955 <\/p><\/div><\/div>\t\t<\/div>\n\t\t\t\t<\/div>\n\t\t\t\t<div class=\"elementor-element elementor-element-1b1683c elementor-position-left elementor-vertical-align-top elementor-widget elementor-widget-image-box\" data-id=\"1b1683c\" data-element_type=\"widget\" data-widget_type=\"image-box.default\">\n\t\t\t\t<div class=\"elementor-widget-container\">\n\t\t\t<div class=\"elementor-image-box-wrapper\"><figure class=\"elementor-image-box-img\"><img loading=\"lazy\" decoding=\"async\" width=\"120\" height=\"80\" src=\"https:\/\/www.saludjujuy.com.ar\/saludjujuy\/wp-content\/uploads\/2020\/06\/logo-generico.jpg\" class=\"attachment-full size-full wp-image-1007\" alt=\"\" \/><\/figure><div class=\"elementor-image-box-content\"><p class=\"elementor-image-box-description\"><b>Nebel Ecograf\u00eda San Pedro SRL<\/b><br><b>Sanatorio Santa Maria SA<\/b><br>Arist\u00f3bulo del Valle 347 - San Pedro<br>Tel: 03884-424327<\/p><\/div><\/div>\t\t<\/div>\n\t\t\t\t<\/div>\n\t\t\t\t<div class=\"elementor-element elementor-element-ce9be15 elementor-widget elementor-widget-heading\" data-id=\"ce9be15\" data-element_type=\"widget\" data-widget_type=\"heading.default\">\n\t\t\t\t<div class=\"elementor-widget-container\">\n\t\t\t<h2 class=\"elementor-heading-title elementor-size-default\">Zona Norte<\/h2>\t\t<\/div>\n\t\t\t\t<\/div>\n\t\t\t\t<div class=\"elementor-element elementor-element-a70b953 elementor-position-left elementor-vertical-align-top elementor-widget elementor-widget-image-box\" data-id=\"a70b953\" data-element_type=\"widget\" data-widget_type=\"image-box.default\">\n\t\t\t\t<div class=\"elementor-widget-container\">\n\t\t\t<div class=\"elementor-image-box-wrapper\"><figure class=\"elementor-image-box-img\"><img loading=\"lazy\" decoding=\"async\" width=\"120\" height=\"80\" src=\"https:\/\/www.saludjujuy.com.ar\/saludjujuy\/wp-content\/uploads\/2020\/06\/logo-generico.jpg\" class=\"attachment-full size-full wp-image-1007\" alt=\"\" \/><\/figure><div class=\"elementor-image-box-content\"><p class=\"elementor-image-box-description\"><b>Cl\u00ednica La Quiaca<\/b><br\/>\nBelgrano 165<br\/>\nTel: 03885-422435<\/p><\/div><\/div>\t\t<\/div>\n\t\t\t\t<\/div>\n\t\t\t\t\t<\/div>\n\t\t<\/div>\n\t\t\t\t\t<\/div>\n\t\t<\/section>\n\t\t\t\t\t<\/div>\n\t\t<\/div>\n\t\t\t\t\t<\/div>\n\t\t<\/section>\n\t\t\t\t<\/div>\n\t\t","protected":false},"excerpt":{"rendered":"<p>Cl\u00ednicas, sanatorios y centros Capital Sanatorio Nuestra Sra. del Rosario Belgrano 340 Tel: 4224848 Sanatorio y Cl\u00ednica Lavalle SRL Calle Otero 337 Tel: 4231999 Sanatorio Los Lapachos Av. Hip\u00f3lito Irigoyen 596 Tel: 4245222 Cl\u00ednica del Ni\u00f1o y del Reci\u00e9n Nacido Belgrano 1220 Tel: 4228854 Instituto M\u00e9dico Integral San SalvadorSalta 740 C.O.R.J. SRL Ramirez de Velazco [&hellip;]<\/p>\n","protected":false},"author":1,"featured_media":0,"parent":0,"menu_order":0,"comment_status":"closed","ping_status":"closed","template":"","meta":{"site-sidebar-layout":"no-sidebar","site-content-layout":"page-builder","ast-site-content-layout":"","site-content-style":"default","site-sidebar-style":"default","ast-global-header-display":"","ast-banner-title-visibility":"","ast-main-header-display":"","ast-hfb-above-header-display":"","ast-hfb-below-header-display":"","ast-hfb-mobile-header-display":"","site-post-title":"disabled","ast-breadcrumbs-content":"","ast-featured-img":"disabled","footer-sml-layout":"","theme-transparent-header-meta":"default","adv-header-id-meta":"","stick-header-meta":"","header-above-stick-meta":"","header-main-stick-meta":"","header-below-stick-meta":"","astra-migrate-meta-layouts":"default","ast-page-background-enabled":"default","ast-page-background-meta":{"desktop":{"background-color":"var(--ast-global-color-4)","background-image":"","background-repeat":"repeat","background-position":"center center","background-size":"auto","background-attachment":"scroll","background-type":"","background-media":"","overlay-type":"","overlay-color":"","overlay-opacity":"","overlay-gradient":""},"tablet":{"background-color":"","background-image":"","background-repeat":"repeat","background-position":"center center","background-size":"auto","background-attachment":"scroll","background-type":"","background-media":"","overlay-type":"","overlay-color":"","overlay-opacity":"","overlay-gradient":""},"mobile":{"background-color":"","background-image":"","background-repeat":"repeat","background-position":"center center","background-size":"auto","background-attachment":"scroll","background-type":"","background-media":"","overlay-type":"","overlay-color":"","overlay-opacity":"","overlay-gradient":""}},"ast-content-background-meta":{"desktop":{"background-color":"var(--ast-global-color-5)","background-image":"","background-repeat":"repeat","background-position":"center center","background-size":"auto","background-attachment":"scroll","background-type":"","background-media":"","overlay-type":"","overlay-color":"","overlay-opacity":"","overlay-gradient":""},"tablet":{"background-color":"var(--ast-global-color-5)","background-image":"","background-repeat":"repeat","background-position":"center center","background-size":"auto","background-attachment":"scroll","background-type":"","background-media":"","overlay-type":"","overlay-color":"","overlay-opacity":"","overlay-gradient":""},"mobile":{"background-color":"var(--ast-global-color-5)","background-image":"","background-repeat":"repeat","background-position":"center center","background-size":"auto","background-attachment":"scroll","background-type":"","background-media":"","overlay-type":"","overlay-color":"","overlay-opacity":"","overlay-gradient":""}},"footnotes":""},"class_list":["post-681","page","type-page","status-publish","hentry"],"_links":{"self":[{"href":"https:\/\/www.saludjujuy.com.ar\/saludjujuy\/wp-json\/wp\/v2\/pages\/681","targetHints":{"allow":["GET"]}}],"collection":[{"href":"https:\/\/www.saludjujuy.com.ar\/saludjujuy\/wp-json\/wp\/v2\/pages"}],"about":[{"href":"https:\/\/www.saludjujuy.com.ar\/saludjujuy\/wp-json\/wp\/v2\/types\/page"}],"author":[{"embeddable":true,"href":"https:\/\/www.saludjujuy.com.ar\/saludjujuy\/wp-json\/wp\/v2\/users\/1"}],"replies":[{"embeddable":true,"href":"https:\/\/www.saludjujuy.com.ar\/saludjujuy\/wp-json\/wp\/v2\/comments?post=681"}],"version-history":[{"count":37,"href":"https:\/\/www.saludjujuy.com.ar\/saludjujuy\/wp-json\/wp\/v2\/pages\/681\/revisions"}],"predecessor-version":[{"id":6392,"href":"https:\/\/www.saludjujuy.com.ar\/saludjujuy\/wp-json\/wp\/v2\/pages\/681\/revisions\/6392"}],"wp:attachment":[{"href":"https:\/\/www.saludjujuy.com.ar\/saludjujuy\/wp-json\/wp\/v2\/media?parent=681"}],"curies":[{"name":"wp","href":"https:\/\/api.w.org\/{rel}","templated":true}]}}