{"id":793,"date":"2020-06-03T15:01:21","date_gmt":"2020-06-03T18:01:21","guid":{"rendered":"http:\/\/www.saludjujuy.com.ar\/saludjujuy\/?page_id=793"},"modified":"2025-09-01T09:08:07","modified_gmt":"2025-09-01T12:08:07","slug":"plan-oro","status":"publish","type":"page","link":"https:\/\/www.saludjujuy.com.ar\/saludjujuy\/plan-oro\/","title":{"rendered":"Plan Oro"},"content":{"rendered":"\t\t<div data-elementor-type=\"wp-post\" data-elementor-id=\"793\" class=\"elementor elementor-793\">\n\t\t\t\t\t\t<section class=\"elementor-section elementor-top-section elementor-element elementor-element-7b0e22c elementor-section-stretched elementor-section-full_width elementor-section-height-min-height elementor-section-height-default elementor-section-items-middle\" data-id=\"7b0e22c\" data-element_type=\"section\" data-settings=\"{&quot;stretch_section&quot;:&quot;section-stretched&quot;,&quot;background_background&quot;:&quot;classic&quot;}\">\n\t\t\t\t\t\t<div class=\"elementor-container elementor-column-gap-no\">\n\t\t\t\t\t<div class=\"elementor-column elementor-col-100 elementor-top-column elementor-element elementor-element-536825b\" data-id=\"536825b\" data-element_type=\"column\">\n\t\t\t<div class=\"elementor-widget-wrap elementor-element-populated\">\n\t\t\t\t\t\t<div class=\"elementor-element elementor-element-80f7ab4 elementor-widget elementor-widget-heading\" data-id=\"80f7ab4\" data-element_type=\"widget\" data-widget_type=\"heading.default\">\n\t\t\t\t<div class=\"elementor-widget-container\">\n\t\t\t<h1 class=\"elementor-heading-title elementor-size-default\">Plan Oro<\/h1>\t\t<\/div>\n\t\t\t\t<\/div>\n\t\t\t\t\t<\/div>\n\t\t<\/div>\n\t\t\t\t\t<\/div>\n\t\t<\/section>\n\t\t\t\t<section class=\"elementor-section elementor-top-section elementor-element elementor-element-4pezy4o elementor-section-stretched elementor-section-boxed elementor-section-height-default elementor-section-height-default\" data-id=\"4pezy4o\" data-element_type=\"section\" data-settings=\"{&quot;stretch_section&quot;:&quot;section-stretched&quot;,&quot;background_background&quot;:&quot;classic&quot;}\">\n\t\t\t\t\t\t<div class=\"elementor-container elementor-column-gap-default\">\n\t\t\t\t\t<div class=\"elementor-column elementor-col-100 elementor-top-column elementor-element elementor-element-ythh7r0\" data-id=\"ythh7r0\" data-element_type=\"column\">\n\t\t\t<div class=\"elementor-widget-wrap elementor-element-populated\">\n\t\t\t\t\t\t<section class=\"elementor-section elementor-inner-section elementor-element elementor-element-cc59f59 elementor-section-boxed elementor-section-height-default elementor-section-height-default\" data-id=\"cc59f59\" data-element_type=\"section\">\n\t\t\t\t\t\t<div class=\"elementor-container elementor-column-gap-default\">\n\t\t\t\t\t<div class=\"elementor-column elementor-col-50 elementor-inner-column elementor-element elementor-element-dfe3e4e\" data-id=\"dfe3e4e\" data-element_type=\"column\" data-settings=\"{&quot;background_background&quot;:&quot;classic&quot;}\">\n\t\t\t<div class=\"elementor-widget-wrap elementor-element-populated\">\n\t\t\t\t\t\t<div class=\"elementor-element elementor-element-62e8697 elementor-widget elementor-widget-text-editor\" data-id=\"62e8697\" data-element_type=\"widget\" data-widget_type=\"text-editor.default\">\n\t\t\t\t<div class=\"elementor-widget-container\">\n\t\t\t\t\t\t\t<h3>Consultas<\/h3><ul><li>Cl\u00ednica: sin costo<\/li><li>Pedi\u00e1trica: sin costo<\/li><li>Ginecol\u00f3gica: sin costo<\/li><li>Especialista: sin costo<\/li><\/ul><h3>Emergencias m\u00e9dicas<\/h3><ul><li>Emergencias: sin costo, las 24 horas.<\/li><li>Tralados: SAME 107<\/li><\/ul><h3>Medicamentos<\/h3><ul><li>Medicamentos Ambulatorios: 60% Vademecum Oro.<\/li><li>Medicamentos en internaci\u00f3n: sin costo<\/li><li>Medicamentos Cr\u00f3nicos: Descuentos\u00a0<span style=\"font-size: 15px; font-style: normal; font-weight: normal;\">del 70% y 100%<\/span>\u00a0seg\u00fan Resoluci\u00f3n 310\/04 M. de Salud de la Naci\u00f3n<\/li><\/ul><p><i style=\"font-weight: inherit;\">Adem\u00e1s 25% de descuento fuera de Vademecun en farmacias adheridas seg\u00fan convenio.<\/i><\/p><p><span style=\"font-family: 'Open Sans Condensed', sans-serif; font-size: 1.73333rem; font-weight: normal;\">Estudios de diagn\u00f3stico<\/span><\/p><ul><li>An\u00e1lisis en Laboratorio de Baja y Alta complejidad: sin costo.<\/li><li>Radiolog\u00eda Convencional Simple y Completa: sin costo<\/li><li>Mamograf\u00edas: sin costo<\/li><li>Ecograf\u00edas: sin costo<\/li><\/ul><h3>Odontolog\u00eda<\/h3><ul><li>Consulta: sin costo<\/li><li>Pr\u00e1cticas: 50%.<\/li><li>Fotocurado (Luz Al\u00f3gena): 50%.<\/li><li>Pr\u00f3tesis y tratamientos est\u00e9ticos odontol\u00f3gicos: cobertura en cl\u00ednicas adheridas, seg\u00fan convenio vigente.<\/li><\/ul><h3>Maternidad<\/h3><ul><li>Parto o Ces\u00e1rea: sin costo<\/li><li>Atenci\u00f3n al Reci\u00e9n Nacido: sin costo<\/li><li>Plan Materno Infantil: Medicamentos y Pr\u00e1cticas: sin costo.<\/li><li>Cobertura al Reci\u00e9n Nacido hasta el Primer A\u00f1o de Vida: sin costo.<\/li><li>Vacunas de Calendario Nacional: sin costo<\/li><\/ul><h3>Rehabilitaci\u00f3n f\u00edsica<\/h3><ul><li>Fonoaudiolog\u00eda: sin costo<\/li><li>Kinesiolog\u00eda y Fisioterapia: sin costo<\/li><\/ul><h3>Salud mental<\/h3><ul><li>Psiquiatr\u00eda y Psicolog\u00eda: sin costo<\/li><\/ul><h3>Internaci\u00f3n<\/h3><ul><li>Internaci\u00f3n de Piso: sin costo en habitaci\u00f3n individual privada (sin tope de d\u00edas)<\/li><li>Internaci\u00f3n de Terapia Intensiva: sin costo<\/li><li>Internaci\u00f3n de Cuidados Especiales: sin costo<\/li><li>Internaci\u00f3n de Cuidados Intensivos: sin costo<\/li><li>Cirug\u00eda Convencional: sin costo<\/li><li>Cirug\u00eda por Video: sin costo<\/li><\/ul><p><i>Las prestaciones en internaci\u00f3n contemplan estudios pre y post quir\u00fargicos, gastos sanatoriales, honorarios m\u00e9dicos, medicamentos y descartables.<\/i><\/p><h3>Alta complejidad<\/h3><ul><li>Cirug\u00eda Cardiovascular: sin costo<\/li><li>Neurocirug\u00eda: sin costo<\/li><li>Hemodinamia: sin costo<\/li><li>Angioplastia: sin costo<\/li><li>Transplante: sin costo<\/li><\/ul><h3>\u00d3ptica<\/h3><ul><li>Reintegro anual \u00fanico.<\/li><\/ul>\t\t\t\t\t\t<\/div>\n\t\t\t\t<\/div>\n\t\t\t\t\t<\/div>\n\t\t<\/div>\n\t\t\t\t<div class=\"elementor-column elementor-col-50 elementor-inner-column elementor-element elementor-element-009ed65\" data-id=\"009ed65\" data-element_type=\"column\" data-settings=\"{&quot;background_background&quot;:&quot;classic&quot;}\">\n\t\t\t<div class=\"elementor-widget-wrap elementor-element-populated\">\n\t\t\t\t\t\t<div class=\"elementor-element elementor-element-4aab92b elementor-widget elementor-widget-text-editor\" data-id=\"4aab92b\" data-element_type=\"widget\" data-widget_type=\"text-editor.default\">\n\t\t\t\t<div class=\"elementor-widget-container\">\n\t\t\t\t\t\t\t<h2>Quiero afiliarme<\/h2><p>Complet\u00e1 el formulario haciendo clic <a href=\"http:\/\/www.saludjujuy.com.ar\/saludjujuy\/quiero-afiliarme\/\">AQUI<\/a>\u00a0y un asesor de ventas se comunicar\u00e1 con vos para completar el tr\u00e1mite de afiliaci\u00f3n al Plan Oro.<\/p>\t\t\t\t\t\t<\/div>\n\t\t\t\t<\/div>\n\t\t\t\t\t<\/div>\n\t\t<\/div>\n\t\t\t\t\t<\/div>\n\t\t<\/section>\n\t\t\t\t\t<\/div>\n\t\t<\/div>\n\t\t\t\t\t<\/div>\n\t\t<\/section>\n\t\t\t\t<\/div>\n\t\t","protected":false},"excerpt":{"rendered":"<p>Plan Oro Consultas Cl\u00ednica: sin costo Pedi\u00e1trica: sin costo Ginecol\u00f3gica: sin costo Especialista: sin costo Emergencias m\u00e9dicas Emergencias: sin costo, las 24 horas. Tralados: SAME 107 Medicamentos Medicamentos Ambulatorios: 60% Vademecum Oro. Medicamentos en internaci\u00f3n: sin costo Medicamentos Cr\u00f3nicos: Descuentos\u00a0del 70% y 100%\u00a0seg\u00fan Resoluci\u00f3n 310\/04 M. de Salud de la Naci\u00f3n Adem\u00e1s 25% de descuento [&hellip;]<\/p>\n","protected":false},"author":1,"featured_media":0,"parent":0,"menu_order":0,"comment_status":"closed","ping_status":"closed","template":"","meta":{"site-sidebar-layout":"no-sidebar","site-content-layout":"page-builder","ast-site-content-layout":"","site-content-style":"default","site-sidebar-style":"default","ast-global-header-display":"","ast-banner-title-visibility":"","ast-main-header-display":"","ast-hfb-above-header-display":"","ast-hfb-below-header-display":"","ast-hfb-mobile-header-display":"","site-post-title":"disabled","ast-breadcrumbs-content":"","ast-featured-img":"disabled","footer-sml-layout":"","theme-transparent-header-meta":"","adv-header-id-meta":"","stick-header-meta":"","header-above-stick-meta":"","header-main-stick-meta":"","header-below-stick-meta":"","astra-migrate-meta-layouts":"default","ast-page-background-enabled":"default","ast-page-background-meta":{"desktop":{"background-color":"var(--ast-global-color-4)","background-image":"","background-repeat":"repeat","background-position":"center center","background-size":"auto","background-attachment":"scroll","background-type":"","background-media":"","overlay-type":"","overlay-color":"","overlay-opacity":"","overlay-gradient":""},"tablet":{"background-color":"","background-image":"","background-repeat":"repeat","background-position":"center center","background-size":"auto","background-attachment":"scroll","background-type":"","background-media":"","overlay-type":"","overlay-color":"","overlay-opacity":"","overlay-gradient":""},"mobile":{"background-color":"","background-image":"","background-repeat":"repeat","background-position":"center center","background-size":"auto","background-attachment":"scroll","background-type":"","background-media":"","overlay-type":"","overlay-color":"","overlay-opacity":"","overlay-gradient":""}},"ast-content-background-meta":{"desktop":{"background-color":"var(--ast-global-color-5)","background-image":"","background-repeat":"repeat","background-position":"center center","background-size":"auto","background-attachment":"scroll","background-type":"","background-media":"","overlay-type":"","overlay-color":"","overlay-opacity":"","overlay-gradient":""},"tablet":{"background-color":"var(--ast-global-color-5)","background-image":"","background-repeat":"repeat","background-position":"center center","background-size":"auto","background-attachment":"scroll","background-type":"","background-media":"","overlay-type":"","overlay-color":"","overlay-opacity":"","overlay-gradient":""},"mobile":{"background-color":"var(--ast-global-color-5)","background-image":"","background-repeat":"repeat","background-position":"center center","background-size":"auto","background-attachment":"scroll","background-type":"","background-media":"","overlay-type":"","overlay-color":"","overlay-opacity":"","overlay-gradient":""}},"footnotes":""},"class_list":["post-793","page","type-page","status-publish","hentry"],"_links":{"self":[{"href":"https:\/\/www.saludjujuy.com.ar\/saludjujuy\/wp-json\/wp\/v2\/pages\/793","targetHints":{"allow":["GET"]}}],"collection":[{"href":"https:\/\/www.saludjujuy.com.ar\/saludjujuy\/wp-json\/wp\/v2\/pages"}],"about":[{"href":"https:\/\/www.saludjujuy.com.ar\/saludjujuy\/wp-json\/wp\/v2\/types\/page"}],"author":[{"embeddable":true,"href":"https:\/\/www.saludjujuy.com.ar\/saludjujuy\/wp-json\/wp\/v2\/users\/1"}],"replies":[{"embeddable":true,"href":"https:\/\/www.saludjujuy.com.ar\/saludjujuy\/wp-json\/wp\/v2\/comments?post=793"}],"version-history":[{"count":28,"href":"https:\/\/www.saludjujuy.com.ar\/saludjujuy\/wp-json\/wp\/v2\/pages\/793\/revisions"}],"predecessor-version":[{"id":5312,"href":"https:\/\/www.saludjujuy.com.ar\/saludjujuy\/wp-json\/wp\/v2\/pages\/793\/revisions\/5312"}],"wp:attachment":[{"href":"https:\/\/www.saludjujuy.com.ar\/saludjujuy\/wp-json\/wp\/v2\/media?parent=793"}],"curies":[{"name":"wp","href":"https:\/\/api.w.org\/{rel}","templated":true}]}}